{"id":54,"date":"2024-10-25T16:08:38","date_gmt":"2024-10-25T16:08:38","guid":{"rendered":"https:\/\/dincubadora.undc.edu.pe\/?page_id=54"},"modified":"2024-10-25T16:51:50","modified_gmt":"2024-10-25T16:51:50","slug":"contacto","status":"publish","type":"page","link":"https:\/\/dincubadora.undc.edu.pe\/index.php\/contacto\/","title":{"rendered":"CONTACTO"},"content":{"rendered":"\n<div class=\"wp-block-columns is-layout-flex wp-container-core-columns-is-layout-28f84493 wp-block-columns-is-layout-flex\">\n<div class=\"wp-block-column is-layout-flow wp-block-column-is-layout-flow\">\n<div class=\"wp-block-group is-layout-constrained wp-container-core-group-is-layout-7d02c507 wp-block-group-is-layout-constrained\">\n<h1 class=\"wp-block-heading has-text-align-left has-adlam-display-font-family\" style=\"margin-top:10px;margin-bottom:12px;font-style:normal;font-weight:600\">Contacto<\/h1>\n\n\n\n<div class=\"wp-block-media-text is-stacked-on-mobile animated fadeInLeft delay-1s\" style=\"margin-right:var(--wp--preset--spacing--xx-large);margin-left:var(--wp--preset--spacing--xx-large);padding-top:0;padding-right:var(--wp--preset--spacing--xx-large);padding-bottom:0;padding-left:var(--wp--preset--spacing--xx-large);grid-template-columns:18% auto\"><figure class=\"wp-block-media-text__media\"><img decoding=\"async\" src=\"https:\/\/dproduccion.undc.edu.pe\/wp-content\/uploads\/2024\/10\/telefono.png\" alt=\"\" class=\"wp-image-404 size-full\"\/><\/figure><div class=\"wp-block-media-text__content\">\n<p class=\"has-dark-color-color has-text-color has-link-color has-adlam-display-font-family has-large-font-size wp-elements-d32a10b1b7493ddd97bcb2091c89a456\"><strong>CELULAR<\/strong><\/p>\n\n\n\n<ul style=\"padding-right:0;padding-left:0\" class=\"wp-block-list\">\n<li style=\"margin-right:0;margin-left:0;padding-right:0;padding-left:0\" class=\"has-space-grotesk-font-family\"><strong><em>Analista:<\/em><\/strong> <strong>Econ. <\/strong>Carlos Horacio Huanca Zapata &#8211; <strong>+51 910 054 945<\/strong><\/li>\n<\/ul>\n<\/div><\/div>\n\n\n\n<div class=\"wp-block-media-text is-stacked-on-mobile animated fadeInLeft delay-1s\" style=\"margin-right:var(--wp--preset--spacing--xx-large);margin-left:var(--wp--preset--spacing--xx-large);padding-top:0;padding-right:var(--wp--preset--spacing--xx-large);padding-bottom:0;padding-left:var(--wp--preset--spacing--xx-large);grid-template-columns:18% auto\"><figure class=\"wp-block-media-text__media\"><img decoding=\"async\" src=\"https:\/\/dproduccion.undc.edu.pe\/wp-content\/uploads\/2024\/10\/ubicacion-2.png\" alt=\"\" class=\"wp-image-405 size-full\"\/><\/figure><div class=\"wp-block-media-text__content\">\n<p class=\"has-adlam-display-font-family has-large-font-size\" style=\"padding-top:0;padding-bottom:0\"><strong>UBICACI\u00d3N <\/strong><\/p>\n\n\n\n<p class=\"has-space-grotesk-font-family\"><strong><em>Local Administrativo Central:<\/em><\/strong> Jr. San Agust\u00edn 124 San Vicente de Ca\u00f1ete &#8211; Horario 8:00 a.m. a 1:00 p.m. y de 2:00 a 5:00 p.m. <\/p>\n<\/div><\/div>\n<\/div>\n\n\n\n<div class=\"wp-block-media-text is-stacked-on-mobile animated fadeInLeft delay-1s\" style=\"margin-right:var(--wp--preset--spacing--xx-large);margin-left:var(--wp--preset--spacing--xx-large);padding-right:var(--wp--preset--spacing--xx-large);padding-left:var(--wp--preset--spacing--xx-large);grid-template-columns:19% auto\"><figure class=\"wp-block-media-text__media\"><img decoding=\"async\" src=\"https:\/\/dproduccion.undc.edu.pe\/wp-content\/uploads\/2024\/10\/sobre.png\" alt=\"\" class=\"wp-image-406 size-full\"\/><\/figure><div class=\"wp-block-media-text__content\">\n<p class=\"has-adlam-display-font-family\" style=\"font-size:clamp(18.959px, 1.185rem + ((1vw - 3.2px) * 0.673), 30px);\"><strong>CORREO<\/strong><\/p>\n\n\n\n<p class=\"has-space-grotesk-font-family has-small-font-size\">dincubadora@undc.edu.pe<\/p>\n<\/div><\/div>\n<\/div>\n\n\n\n<div class=\"wp-block-column is-layout-flow wp-block-column-is-layout-flow\">\n<div style=\"display: flex; justify-content: center; margin: 20px;\">\n    <iframe src=\"https:\/\/www.google.com\/maps\/embed?pb=!1m18!1m12!1m3!1d2748.0640846696047!2d-76.38785534248771!3d-13.07702248084564!2m3!1f0!2f0!3f0!3m2!1i1024!2i768!4f13.1!3m3!1m2!1s0x910ff9483b2c096b%3A0x8ddefd0fb3df80ed!2sUniversidad%20Nacional%20de%20Ca%C3%B1ete-%20Sede%20Administrativa!5e0!3m2!1ses!2spe!4v1729801260314!5m2!1ses!2spe\" \n    width=\"600\" \n    height=\"450\" \n    style=\"border:0; border-radius: 15px; box-shadow: 0 4px 8px rgba(0, 0, 0, 0.2);\" \n    allowfullscreen=\"\" \n    loading=\"lazy\" \n    referrerpolicy=\"no-referrer-when-downgrade\">\n    <\/iframe>\n<\/div>\n<\/div>\n<\/div>\n","protected":false},"excerpt":{"rendered":"<p>Contacto CELULAR UBICACI\u00d3N Local Administrativo Central: Jr. San Agust\u00edn 124 San Vicente de Ca\u00f1ete &#8211; Horario 8:00 a.m. a 1:00 p.m. y de 2:00 a 5:00 p.m. CORREO dincubadora@undc.edu.pe<\/p>\n","protected":false},"author":1,"featured_media":0,"parent":0,"menu_order":0,"comment_status":"closed","ping_status":"closed","template":"","meta":{"footnotes":""},"class_list":["post-54","page","type-page","status-publish","hentry"],"_links":{"self":[{"href":"https:\/\/dincubadora.undc.edu.pe\/index.php\/wp-json\/wp\/v2\/pages\/54","targetHints":{"allow":["GET"]}}],"collection":[{"href":"https:\/\/dincubadora.undc.edu.pe\/index.php\/wp-json\/wp\/v2\/pages"}],"about":[{"href":"https:\/\/dincubadora.undc.edu.pe\/index.php\/wp-json\/wp\/v2\/types\/page"}],"author":[{"embeddable":true,"href":"https:\/\/dincubadora.undc.edu.pe\/index.php\/wp-json\/wp\/v2\/users\/1"}],"replies":[{"embeddable":true,"href":"https:\/\/dincubadora.undc.edu.pe\/index.php\/wp-json\/wp\/v2\/comments?post=54"}],"version-history":[{"count":2,"href":"https:\/\/dincubadora.undc.edu.pe\/index.php\/wp-json\/wp\/v2\/pages\/54\/revisions"}],"predecessor-version":[{"id":213,"href":"https:\/\/dincubadora.undc.edu.pe\/index.php\/wp-json\/wp\/v2\/pages\/54\/revisions\/213"}],"wp:attachment":[{"href":"https:\/\/dincubadora.undc.edu.pe\/index.php\/wp-json\/wp\/v2\/media?parent=54"}],"curies":[{"name":"wp","href":"https:\/\/api.w.org\/{rel}","templated":true}]}}