{"id":202,"date":"2024-10-25T17:35:05","date_gmt":"2024-10-25T17:35:05","guid":{"rendered":"https:\/\/dincubadora.undc.edu.pe\/?page_id=202"},"modified":"2025-08-13T16:38:57","modified_gmt":"2025-08-13T16:38:57","slug":"nosotros","status":"publish","type":"page","link":"https:\/\/dincubadora.undc.edu.pe\/index.php\/nosotros\/","title":{"rendered":"NOSOTROS"},"content":{"rendered":"\n<div class=\"wp-block-columns are-vertically-aligned-center is-layout-flex wp-container-core-columns-is-layout-f5a44f5b wp-block-columns-is-layout-flex\">\n<div class=\"wp-block-column is-vertically-aligned-center homedroid-fade-up is-layout-flow wp-block-column-is-layout-flow\">\n<p class=\"has-primary-color has-text-color has-link-color has-adlam-display-font-family wp-elements-9d2e4760a66082c5a63ad6c86231cd75\" style=\"padding-top:var(--wp--preset--spacing--40);padding-bottom:var(--wp--preset--spacing--40)\">DIRECTOR DE INCUBADORA DE EMPRESAS<\/p>\n\n\n\n<h1 class=\"wp-block-heading has-adlam-display-font-family\" style=\"margin-top:0;margin-bottom:0;font-size:clamp(24.034px, 1.502rem + ((1vw - 3.2px) * 0.974), 40px);\">Dr. Oscar Fernando Alegr\u00eda Cueto<\/h1>\n\n\n\n<p>Bajo su liderazgo, la direcci\u00f3n se enfoca en apoyar a emprendedores y empresas emergentes, proporcionando herramientas, mentor\u00eda y acceso a redes estrat\u00e9gicas que faciliten el crecimiento sostenible de nuevos negocios. Su visi\u00f3n est\u00e1 orientada a fortalecer el ecosistema emprendedor, promoviendo iniciativas que fomenten la creatividad, la resiliencia y el impacto positivo en la econom\u00eda local y nacional.<\/p>\n<\/div>\n\n\n\n<div class=\"wp-block-column is-vertically-aligned-center homedroid-slide-up is-layout-flow wp-block-column-is-layout-flow\">\n<figure class=\"wp-block-image size-full\"><img loading=\"lazy\" decoding=\"async\" width=\"2560\" height=\"1709\" src=\"https:\/\/dincubadora.undc.edu.pe\/wp-content\/uploads\/2025\/08\/2-02_Doctor-solo-transparente-scaled.png\" alt=\"\" class=\"wp-image-90662\" srcset=\"https:\/\/dincubadora.undc.edu.pe\/wp-content\/uploads\/2025\/08\/2-02_Doctor-solo-transparente-scaled.png 2560w, https:\/\/dincubadora.undc.edu.pe\/wp-content\/uploads\/2025\/08\/2-02_Doctor-solo-transparente-300x200.png 300w, https:\/\/dincubadora.undc.edu.pe\/wp-content\/uploads\/2025\/08\/2-02_Doctor-solo-transparente-1024x684.png 1024w, https:\/\/dincubadora.undc.edu.pe\/wp-content\/uploads\/2025\/08\/2-02_Doctor-solo-transparente-768x513.png 768w, https:\/\/dincubadora.undc.edu.pe\/wp-content\/uploads\/2025\/08\/2-02_Doctor-solo-transparente-1536x1025.png 1536w, https:\/\/dincubadora.undc.edu.pe\/wp-content\/uploads\/2025\/08\/2-02_Doctor-solo-transparente-2048x1367.png 2048w\" sizes=\"auto, (max-width: 2560px) 100vw, 2560px\" \/><\/figure>\n<\/div>\n<\/div>\n\n\n\n<p><\/p>\n\n\n\n<p><\/p>\n\n\n\n<div class=\"wp-block-columns are-vertically-aligned-center is-layout-flex wp-container-core-columns-is-layout-f5a44f5b wp-block-columns-is-layout-flex\">\n<div class=\"wp-block-column is-vertically-aligned-center homedroid-fade-up is-layout-flow wp-block-column-is-layout-flow\">\n<p class=\"has-primary-color has-text-color has-link-color has-adlam-display-font-family wp-elements-59f84e85b637c954319e0cf3add46710\" style=\"padding-top:var(--wp--preset--spacing--40);padding-bottom:var(--wp--preset--spacing--40)\">ANALISTA<\/p>\n\n\n\n<h1 class=\"wp-block-heading has-adlam-display-font-family\" style=\"margin-top:0;margin-bottom:0;font-size:clamp(24.034px, 1.502rem + ((1vw - 3.2px) * 0.974), 40px);\"><strong>Econ. <\/strong>Carlos Horacio Huanca Zapata<\/h1>\n\n\n\n<p>Su labor se centra en proporcionar asesoramiento estrat\u00e9gico a los emprendedores, ayud\u00e1ndoles a identificar oportunidades de negocio y optimizar sus recursos. Con un enfoque en la innovaci\u00f3n y el crecimiento sostenible, el analista trabaja de la mano con los emprendedores para transformar ideas en iniciativas exitosas.<\/p>\n<\/div>\n\n\n\n<div class=\"wp-block-column is-vertically-aligned-center homedroid-slide-up is-layout-flow wp-block-column-is-layout-flow\"><\/div>\n<\/div>\n\n\n\n<p><\/p>\n","protected":false},"excerpt":{"rendered":"<p>DIRECTOR DE INCUBADORA DE EMPRESAS Dr. Oscar Fernando Alegr\u00eda Cueto Bajo su liderazgo, la direcci\u00f3n se enfoca en apoyar a emprendedores y empresas emergentes, proporcionando herramientas, mentor\u00eda y acceso a redes estrat\u00e9gicas que faciliten el crecimiento sostenible de nuevos negocios. Su visi\u00f3n est\u00e1 orientada a fortalecer el ecosistema emprendedor, promoviendo iniciativas que fomenten la creatividad,&#8230;<\/p>\n","protected":false},"author":1,"featured_media":0,"parent":0,"menu_order":0,"comment_status":"closed","ping_status":"closed","template":"","meta":{"footnotes":""},"class_list":["post-202","page","type-page","status-publish","hentry"],"_links":{"self":[{"href":"https:\/\/dincubadora.undc.edu.pe\/index.php\/wp-json\/wp\/v2\/pages\/202","targetHints":{"allow":["GET"]}}],"collection":[{"href":"https:\/\/dincubadora.undc.edu.pe\/index.php\/wp-json\/wp\/v2\/pages"}],"about":[{"href":"https:\/\/dincubadora.undc.edu.pe\/index.php\/wp-json\/wp\/v2\/types\/page"}],"author":[{"embeddable":true,"href":"https:\/\/dincubadora.undc.edu.pe\/index.php\/wp-json\/wp\/v2\/users\/1"}],"replies":[{"embeddable":true,"href":"https:\/\/dincubadora.undc.edu.pe\/index.php\/wp-json\/wp\/v2\/comments?post=202"}],"version-history":[{"count":6,"href":"https:\/\/dincubadora.undc.edu.pe\/index.php\/wp-json\/wp\/v2\/pages\/202\/revisions"}],"predecessor-version":[{"id":90663,"href":"https:\/\/dincubadora.undc.edu.pe\/index.php\/wp-json\/wp\/v2\/pages\/202\/revisions\/90663"}],"wp:attachment":[{"href":"https:\/\/dincubadora.undc.edu.pe\/index.php\/wp-json\/wp\/v2\/media?parent=202"}],"curies":[{"name":"wp","href":"https:\/\/api.w.org\/{rel}","templated":true}]}}